{"id":3,"date":"2024-12-09T14:05:24","date_gmt":"2024-12-09T14:05:24","guid":{"rendered":"https:\/\/bruehlmann-anhaenger.ch\/wordpress\/?page_id=3"},"modified":"2025-03-15T17:09:09","modified_gmt":"2025-03-15T16:09:09","slug":"privacy-policy","status":"publish","type":"page","link":"https:\/\/bruehlmann-anhaenger.ch\/index.php\/privacy-policy\/","title":{"rendered":"Privacy Policy"},"content":{"rendered":"<p>[et_pb_section fb_built=&#8220;1&#8243; _builder_version=&#8220;4.16&#8243; global_colors_info=&#8220;{}&#8220; theme_builder_area=&#8220;post_content&#8220;][et_pb_row _builder_version=&#8220;4.16&#8243; background_size=&#8220;initial&#8220; background_position=&#8220;top_left&#8220; background_repeat=&#8220;repeat&#8220; global_colors_info=&#8220;{}&#8220; theme_builder_area=&#8220;post_content&#8220;][et_pb_column type=&#8220;4_4&#8243; _builder_version=&#8220;4.16&#8243; custom_padding=&#8220;|||&#8220; global_colors_info=&#8220;{}&#8220; custom_padding__hover=&#8220;|||&#8220; theme_builder_area=&#8220;post_content&#8220;][et_pb_text _builder_version=&#8220;4.27.4&#8243; background_size=&#8220;initial&#8220; background_position=&#8220;top_left&#8220; background_repeat=&#8220;repeat&#8220; hover_enabled=&#8220;0&#8243; global_colors_info=&#8220;{}&#8220; theme_builder_area=&#8220;post_content&#8220; sticky_enabled=&#8220;0&#8243;]<\/p>\n<h3>Datenschutzerkl\u00e4rung<\/h3>\n<h4>1 Datenschutzerkl\u00e4rung<\/h4>\n<p>Die vorliegende Datenschutzerkl\u00e4rung kl\u00e4rt Sie \u00fcber die Art, den Umfang und den Zweck der Erhebung und Verwendung personenbezogener Daten auf unserer Website www.bruehlmann-anhaenger.ch (im Folgenden \u201eWebsite\u201c) durch die Br\u00fchlmann &amp; Co., PW- &amp; Gewerbeanh\u00e4nger (im Folgenden \u201ewir\u201c oder \u201euns\u201c) auf und gibt \u00fcber die Ihnen zustehenden Rechte Auskunft. Diese Rechte richten sich nach den anwendbaren Datenschutzgesetzen.<\/p>\n<h4>2 Verantwortlicher f\u00fcr die Datenbearbeitung<\/h4>\n<p>Verantwortlicher f\u00fcr die Datenbearbeitung auf dieser Website und Ansprechpartner f\u00fcr Datenschutzanliegen ist:<br \/>Br\u00fchlmann &amp; Co., PW- &amp; Gewerbeanh\u00e4nger<br \/>Wilerstrasse 107, 9602 Bazenheid<br \/>+41 71 931 22 66<br \/>info@bruehlmann-anhaenger.ch<\/p>\n<h4>3 Datenerfassung auf dieser Website<\/h4>\n<h5>3.1 Logfiles<\/h5>\n<p>Unsere Website wird von METANET AG (https:\/\/www.metanet.ch\/de) gehostet.<br \/>Zur Optimierung und Aufrechterhaltung unserer Website protokollieren wir technische Fehler, die beim Aufrufen unserer Website allenfalls auftreten. Ferner werden bei der Nutzung dieser Website automatisch Informationen erhoben, die der Browser Ihres Endger\u00e4ts an unseren Host-Provider \u00fcbermittelt. Dies sind:<br \/>IP-Adresse und Betriebssystem Ihres Endger\u00e4ts,<br \/>Browsertyp, Version, Sprache<br \/>Datum und Uhrzeit der Serveranfrage,<br \/>aufgerufene Datei,<br \/>die Website, von der aus der Zugriff erfolgte (Referrer URL),<br \/>den Status-Code (z.B. 404) und<br \/>das verwendete \u00dcbertragungsprotokoll (z.B. HTTP\/2).<br \/>Diese Daten werden von unserem Host-Provider erhoben und gespeichert, um Prozesse und Abl\u00e4ufe insbesondere in Zusammenhang mit der Nutzung unserer Website und der Sicherheit und Stabilit\u00e4t des Computersystems optimieren zu k\u00f6nnen.<br \/>Weitere Informationen finden Sie in der Datenschutzerkl\u00e4rung der METANET AG unter https:\/\/www.metanet.ch\/de\/ueber-metanet\/datenschutzerklaerung.<br \/>Sofern die DSGVO anwendbar ist, sind Grundlage f\u00fcr diese Datenbearbeitung Art. 6 Abs. 1 lit. f DSGVO.<\/p>\n<h5>3.2 Kontaktformular<\/h5>\n<p>Wenn Sie unser Kontaktformular benutzen, werden Ihre Angaben aus dem Anfrageformular zur Bearbeitung der Anfrage und f\u00fcr den Fall von Anschlussfragen von uns bearbeitet. In der Regel ben\u00f6tigen wir folgende Angaben:<br \/>Vor- und Nachname<br \/>Firma<br \/>E-Mail-Adresse<br \/>Adresse<br \/>Telefonnummer<br \/>Betreff<br \/>Nachrichteninhalt<br \/>Wir verwenden die von Ihnen mitgeteilten Daten, um Ihre Anfrage zu beantworten. Sofern die DSGVO anwendbar ist, sind Grundlage f\u00fcr diese Datenbearbeitung Art. 6 Abs. 1 lit. f DSGVO.<\/p>\n<h5>3.3 Cookies<\/h5>\n<p>Wir setzen auf unserer Website Cookies ein. Cookies sind kleine Dateien, die auf Ihrem Endger\u00e4t abgelegt werden und die Ihr Browser speichert. Einige der von uns verwendeten Cookies werden automatisch gel\u00f6scht, wenn Sie unsere Website verlassen. Andere Cookies bleiben auf Ihrem Endger\u00e4t gespeichert, bis Sie diese l\u00f6schen oder bis sie ablaufen. Diese Cookies erm\u00f6glichen es, Ihren Browser beim n\u00e4chsten Besuch unserer Website wiederzuerkennen.<br \/>In Ihrem Browser k\u00f6nnen Sie einstellen, dass Sie \u00fcber das Setzen von Cookies vorab informiert werden und im Einzelfall entscheiden k\u00f6nnen, ob Sie die Annahme von Cookies f\u00fcr bestimmte F\u00e4lle oder generell ausschliessen, oder dass Cookies komplett verhindert werden. Dadurch kann die Funktionalit\u00e4t der Website eingeschr\u00e4nkt werden.<br \/>Cookies, die f\u00fcr den elektronischen Kommunikationsvorgang oder von Ihnen gew\u00fcnschte Funktionen erforderlich sind oder Ihr Benutzererlebnis optimieren, werden \u2013 sofern die DSGVO anwendbar ist \u2013 auf Grundlage von Art. 6 Abs. 1 lit. f DSGVO gespeichert.<\/p>\n<h4>4 Links<\/h4>\n<p>Auf unserer Website finden Sie Links auf Seiten von Drittanbietern. Wir sind nicht verantwortlich f\u00fcr die Inhalte und Datenschutzvorkehrungen auf externen Websites, welche Sie \u00fcber die Links erreichen k\u00f6nnen. Bitte informieren Sie sich \u00fcber den Datenschutz direkt auf den entsprechenden Websites.<\/p>\n<h4>5 Weitergabe von Daten an Dritte<\/h4>\n<p>Damit wir Ihnen die Informationen auf unserer Website anbieten k\u00f6nnen, arbeiten wir mit verschiedenen Dienstleistern zusammen, namentlich mit IT-Dienstleistern, um Ihnen eine zeitgem\u00e4sse Website anbieten zu k\u00f6nnen. Diese verwenden Ihre Daten nur im Rahmen der Auftragsabwicklungen f\u00fcr uns.<br \/>Wir nehmen eine Daten\u00fcbermittlung an Stellen ausserhalb der Schweiz und der Europ\u00e4ischen Union (Drittstaat) ohne Ihre Einwilligung nur vor, sofern dies nach dem jeweiligen Vertrag erforderlich ist, zur Erf\u00fcllung gesetzlicher Verpflichtungen oder zur Wahrung unserer berechtigten Interessen.<\/p>\n<h4>6 Ihre Rechte<\/h4>\n<p>Soweit von dem auf Sie anwendbaren Datenschutzrecht vorgesehen, k\u00f6nnen Sie unentgeltlich Auskunft \u00fcber die auf Sie bezogenen gespeicherten Daten, deren Herkunft und Empf\u00e4nger und den Zweck der Datenbearbeitung verlangen. Ebenso steht Ihnen unter den gesetzlichen Voraussetzungen ein Recht auf Berichtigung, L\u00f6schung, Einschr\u00e4nkung der oder Widerspruch gegen die Bearbeitung sowie, sofern die DSGVO zur Anwendung gelangt, auf Herausgabe dieser Daten zur \u00dcbertragung an eine andere Stelle zu.<br \/>Eine von Ihnen erteilte Einwilligung k\u00f6nnen Sie mit Wirkung f\u00fcr die Zukunft jederzeit widerrufen. Dazu reicht eine formlose Mitteilung per E-Mail an uns.<br \/>Bitte beachten Sie, dass die vorstehenden Rechte gesetzlichen Einschr\u00e4nkungen unterstehen und ggf. die Erbringung unserer Dienstleistungen beeintr\u00e4chtigen oder verunm\u00f6glichen k\u00f6nnen.<br \/>Sie sind berechtigt, Ihre Anspr\u00fcche gerichtlich durchzusetzen oder eine Beschwerde bei der zust\u00e4ndigen Datenschutzbeh\u00f6rde einzureichen. F\u00fcr die Schweiz ist der Eidgen\u00f6ssische Datenschutz- und \u00d6ffentlichkeitsbeauftragte zust\u00e4ndig (http:\/\/www.edoeb.admin.ch).<\/p>\n<h4>7 Aktualit\u00e4t und \u00c4nderung dieser Datenschutzerkl\u00e4rung<\/h4>\n<p>Wir k\u00f6nnen diese Datenschutzerkl\u00e4rung jederzeit \u00e4ndern oder anpassen. Die aktuelle Datenschutzerkl\u00e4rung kann auf www.bruehlmann-anhaenger.ch abgerufen werden.<\/p>\n<p>[\/et_pb_text][\/et_pb_column][\/et_pb_row][\/et_pb_section]<\/p>\n","protected":false},"excerpt":{"rendered":"<p>Datenschutzerkl\u00e4rung 1 Datenschutzerkl\u00e4rung Die vorliegende Datenschutzerkl\u00e4rung kl\u00e4rt Sie \u00fcber die Art, den Umfang und den Zweck der Erhebung und Verwendung personenbezogener Daten auf unserer Website www.bruehlmann-anhaenger.ch (im Folgenden \u201eWebsite\u201c) durch die Br\u00fchlmann &amp; Co., PW- &amp; Gewerbeanh\u00e4nger (im Folgenden \u201ewir\u201c oder \u201euns\u201c) auf und gibt \u00fcber die Ihnen zustehenden Rechte Auskunft. Diese Rechte richten sich [&hellip;]<\/p>\n","protected":false},"author":1,"featured_media":0,"parent":0,"menu_order":0,"comment_status":"closed","ping_status":"open","template":"","meta":{"_et_pb_use_builder":"on","_et_pb_old_content":"<!-- wp:heading -->\n<h2 class=\"wp-block-heading\">Who we are<\/h2>\n<!-- \/wp:heading -->\n<!-- wp:paragraph -->\n<p><strong class=\"privacy-policy-tutorial\">Suggested text: <\/strong>Our website address is: https:\/\/bruehlmann-anhaenger.ch.<\/p>\n<!-- \/wp:paragraph -->\n<!-- wp:heading -->\n<h2 class=\"wp-block-heading\">Comments<\/h2>\n<!-- \/wp:heading -->\n<!-- wp:paragraph -->\n<p><strong class=\"privacy-policy-tutorial\">Suggested text: <\/strong>When visitors leave comments on the site we collect the data shown in the comments form, and also the visitor&#8217;s IP address and browser user agent string to help spam detection.<\/p>\n<!-- \/wp:paragraph -->\n<!-- wp:paragraph -->\n<p>An anonymized string created from your email address (also called a hash) may be provided to the Gravatar service to see if you are using it. The Gravatar service privacy policy is available here: https:\/\/automattic.com\/privacy\/. After approval of your comment, your profile picture is visible to the public in the context of your comment.<\/p>\n<!-- \/wp:paragraph -->\n<!-- wp:heading -->\n<h2 class=\"wp-block-heading\">Media<\/h2>\n<!-- \/wp:heading -->\n<!-- wp:paragraph -->\n<p><strong class=\"privacy-policy-tutorial\">Suggested text: <\/strong>If you upload images to the website, you should avoid uploading images with embedded location data (EXIF GPS) included. Visitors to the website can download and extract any location data from images on the website.<\/p>\n<!-- \/wp:paragraph -->\n<!-- wp:heading -->\n<h2 class=\"wp-block-heading\">Cookies<\/h2>\n<!-- \/wp:heading -->\n<!-- wp:paragraph -->\n<p><strong class=\"privacy-policy-tutorial\">Suggested text: <\/strong>If you leave a comment on our site you may opt-in to saving your name, email address and website in cookies. These are for your convenience so that you do not have to fill in your details again when you leave another comment. These cookies will last for one year.<\/p>\n<!-- \/wp:paragraph -->\n<!-- wp:paragraph -->\n<p>If you visit our login page, we will set a temporary cookie to determine if your browser accepts cookies. This cookie contains no personal data and is discarded when you close your browser.<\/p>\n<!-- \/wp:paragraph -->\n<!-- wp:paragraph -->\n<p>When you log in, we will also set up several cookies to save your login information and your screen display choices. Login cookies last for two days, and screen options cookies last for a year. If you select &quot;Remember Me&quot;, your login will persist for two weeks. If you log out of your account, the login cookies will be removed.<\/p>\n<!-- \/wp:paragraph -->\n<!-- wp:paragraph -->\n<p>If you edit or publish an article, an additional cookie will be saved in your browser. This cookie includes no personal data and simply indicates the post ID of the article you just edited. It expires after 1 day.<\/p>\n<!-- \/wp:paragraph -->\n<!-- wp:heading -->\n<h2 class=\"wp-block-heading\">Embedded content from other websites<\/h2>\n<!-- \/wp:heading -->\n<!-- wp:paragraph -->\n<p><strong class=\"privacy-policy-tutorial\">Suggested text: <\/strong>Articles on this site may include embedded content (e.g. videos, images, articles, etc.). Embedded content from other websites behaves in the exact same way as if the visitor has visited the other website.<\/p>\n<!-- \/wp:paragraph -->\n<!-- wp:paragraph -->\n<p>These websites may collect data about you, use cookies, embed additional third-party tracking, and monitor your interaction with that embedded content, including tracking your interaction with the embedded content if you have an account and are logged in to that website.<\/p>\n<!-- \/wp:paragraph -->\n<!-- wp:heading -->\n<h2 class=\"wp-block-heading\">Who we share your data with<\/h2>\n<!-- \/wp:heading -->\n<!-- wp:paragraph -->\n<p><strong class=\"privacy-policy-tutorial\">Suggested text: <\/strong>If you request a password reset, your IP address will be included in the reset email.<\/p>\n<!-- \/wp:paragraph -->\n<!-- wp:heading -->\n<h2 class=\"wp-block-heading\">How long we retain your data<\/h2>\n<!-- \/wp:heading -->\n<!-- wp:paragraph -->\n<p><strong class=\"privacy-policy-tutorial\">Suggested text: <\/strong>If you leave a comment, the comment and its metadata are retained indefinitely. This is so we can recognize and approve any follow-up comments automatically instead of holding them in a moderation queue.<\/p>\n<!-- \/wp:paragraph -->\n<!-- wp:paragraph -->\n<p>For users that register on our website (if any), we also store the personal information they provide in their user profile. All users can see, edit, or delete their personal information at any time (except they cannot change their username). Website administrators can also see and edit that information.<\/p>\n<!-- \/wp:paragraph -->\n<!-- wp:heading -->\n<h2 class=\"wp-block-heading\">What rights you have over your data<\/h2>\n<!-- \/wp:heading -->\n<!-- wp:paragraph -->\n<p><strong class=\"privacy-policy-tutorial\">Suggested text: <\/strong>If you have an account on this site, or have left comments, you can request to receive an exported file of the personal data we hold about you, including any data you have provided to us. You can also request that we erase any personal data we hold about you. This does not include any data we are obliged to keep for administrative, legal, or security purposes.<\/p>\n<!-- \/wp:paragraph -->\n<!-- wp:heading -->\n<h2 class=\"wp-block-heading\">Where your data is sent<\/h2>\n<!-- \/wp:heading -->\n<!-- wp:paragraph -->\n<p><strong class=\"privacy-policy-tutorial\">Suggested text: <\/strong>Visitor comments may be checked through an automated spam detection service.<\/p>\n<!-- \/wp:paragraph -->\n","_et_gb_content_width":"","footnotes":""},"class_list":["post-3","page","type-page","status-publish","hentry"],"_links":{"self":[{"href":"https:\/\/bruehlmann-anhaenger.ch\/index.php\/wp-json\/wp\/v2\/pages\/3","targetHints":{"allow":["GET"]}}],"collection":[{"href":"https:\/\/bruehlmann-anhaenger.ch\/index.php\/wp-json\/wp\/v2\/pages"}],"about":[{"href":"https:\/\/bruehlmann-anhaenger.ch\/index.php\/wp-json\/wp\/v2\/types\/page"}],"author":[{"embeddable":true,"href":"https:\/\/bruehlmann-anhaenger.ch\/index.php\/wp-json\/wp\/v2\/users\/1"}],"replies":[{"embeddable":true,"href":"https:\/\/bruehlmann-anhaenger.ch\/index.php\/wp-json\/wp\/v2\/comments?post=3"}],"version-history":[{"count":5,"href":"https:\/\/bruehlmann-anhaenger.ch\/index.php\/wp-json\/wp\/v2\/pages\/3\/revisions"}],"predecessor-version":[{"id":482,"href":"https:\/\/bruehlmann-anhaenger.ch\/index.php\/wp-json\/wp\/v2\/pages\/3\/revisions\/482"}],"wp:attachment":[{"href":"https:\/\/bruehlmann-anhaenger.ch\/index.php\/wp-json\/wp\/v2\/media?parent=3"}],"curies":[{"name":"wp","href":"https:\/\/api.w.org\/{rel}","templated":true}]}}