{"id":435,"date":"2025-03-15T16:06:23","date_gmt":"2025-03-15T15:06:23","guid":{"rendered":"https:\/\/bruehlmann-anhaenger.ch\/wordpress\/?page_id=435"},"modified":"2025-08-29T09:49:00","modified_gmt":"2025-08-29T08:49:00","slug":"infos-downloads","status":"publish","type":"page","link":"https:\/\/bruehlmann-anhaenger.ch\/index.php\/infos-downloads\/","title":{"rendered":"Infos &#038; Downloads"},"content":{"rendered":"<p>[et_pb_section fb_built=&#8220;1&#8243; admin_label=&#8220;Sektion&#8220; _builder_version=&#8220;4.27.4&#8243; _module_preset=&#8220;default&#8220; max_width_tablet=&#8220;&#8220; max_width_phone=&#8220;&#8220; max_width_last_edited=&#8220;on|desktop&#8220; custom_margin=&#8220;0px||0px|20px|true|false&#8220; custom_padding=&#8220;15px||15px||false|false&#8220; global_colors_info=&#8220;{}&#8220; theme_builder_area=&#8220;post_content&#8220;][et_pb_row make_equal=&#8220;on&#8220; _builder_version=&#8220;4.27.4&#8243; _module_preset=&#8220;default&#8220; background_color=&#8220;RGBA(255,255,255,0)&#8220; width_tablet=&#8220;25%&#8220; width_phone=&#8220;50%&#8220; width_last_edited=&#8220;off|tablet&#8220; max_width=&#8220;80%&#8220; max_width_tablet=&#8220;25%&#8220; max_width_phone=&#8220;50%&#8220; max_width_last_edited=&#8220;off|tablet&#8220; module_alignment=&#8220;left&#8220; custom_margin=&#8220;0px|0px|0px|0px|false|false&#8220; custom_padding=&#8220;0px|0px|0px|0px|false|false&#8220; global_colors_info=&#8220;{}&#8220; theme_builder_area=&#8220;post_content&#8220;][et_pb_column type=&#8220;4_4&#8243; _builder_version=&#8220;4.27.4&#8243; _module_preset=&#8220;default&#8220; custom_padding=&#8220;0px|0px|0px|0px|false|false&#8220; custom_css_main_element=&#8220;display: flex;&#8220; border_radii=&#8220;on|5px|5px|5px|5px&#8220; global_colors_info=&#8220;{}&#8220; theme_builder_area=&#8220;post_content&#8220;][et_pb_code raw_content_tablet=&#8220;<\/p>\n<style> \n  #zuruck {\n  \tbackground-color: #c7c7c7;\n\t}<\/p>\n<p>  #zuruck:hover {\n    background-color: #ffff00;\n  }<\/p>\n<p>  #zuruck h3 {\n    font-size:16px;\n  }\n<\/style>\n<p>&#8220; raw_content_phone=&#8220;<\/p>\n<style> \n  #zuruck {\n  \tbackground-color: #c7c7c7;\n\t}<\/p>\n<p>  #zuruck:hover {\n    background-color: #ffff00;\n  }<\/p>\n<p>  #zuruck h3 {\n    font-size:12px;\n  }\n<\/style>\n<p>&#8220; raw_content_last_edited=&#8220;on|phone&#8220; _builder_version=&#8220;4.25.0&#8243; _module_preset=&#8220;default&#8220; custom_margin=&#8220;0px|0px|0px|0px|false|false&#8220; custom_padding=&#8220;0px|0px|5px|0px|false|false&#8220; global_colors_info=&#8220;{}&#8220; theme_builder_area=&#8220;post_content&#8220;]<\/p>\n<style> <!-- [et_pb_line_break_holder] -->  #zuruck {<!-- [et_pb_line_break_holder] -->  \tbackground-color: #c7c7c7;<!-- [et_pb_line_break_holder] -->\t}<!-- [et_pb_line_break_holder] -->  <!-- [et_pb_line_break_holder] -->  #zuruck:hover {<!-- [et_pb_line_break_holder] -->    background-color: #ffff00;<!-- [et_pb_line_break_holder] -->  }<!-- [et_pb_line_break_holder] -->  <!-- [et_pb_line_break_holder] -->  #zuruck h3 {<!-- [et_pb_line_break_holder] -->    font-size:22px;<!-- [et_pb_line_break_holder] -->  }<!-- [et_pb_line_break_holder] --><\/style>\n<p>[\/et_pb_code][et_pb_code raw_content_tablet=&#8220;<\/p>\n<style>\n  td {\n    font-size:x-small;\n  }\n<\/style>\n<p>&#8220; raw_content_phone=&#8220;<\/p>\n<style>\n  td, #tdKopf {\n    font-size:x-small;\n  }\n<\/style>\n<p>&#8220; raw_content_last_edited=&#8220;on|tablet&#8220; _builder_version=&#8220;4.25.0&#8243; _module_preset=&#8220;default&#8220; custom_margin=&#8220;0px||0px||true|false&#8220; custom_padding=&#8220;0px||0px||true|false&#8220; global_colors_info=&#8220;{}&#8220; theme_builder_area=&#8220;post_content&#8220;][\/et_pb_code][et_pb_text module_id=&#8220;zuruck&#8220; _builder_version=&#8220;4.25.0&#8243; _dynamic_attributes=&#8220;link_option_url&#8220; _module_preset=&#8220;default&#8220; text_font=&#8220;oranda-cn||||||||&#8220; header_3_font=&#8220;oranda-cn||||||||&#8220; custom_margin=&#8220;0px|0px|0px|5px|false|false&#8220; custom_padding=&#8220;5px|20px|0px|20px|false|true&#8220; link_option_url=&#8220;@ET-DC@eyJkeW5hbWljIjp0cnVlLCJjb250ZW50IjoicG9zdF9saW5rX3VybF9wYWdlIiwic2V0dGluZ3MiOnsicG9zdF9pZCI6IjIifX0=@&#8220; border_radii=&#8220;on|5px|5px|5px|5px&#8220; global_colors_info=&#8220;{}&#8220; theme_builder_area=&#8220;post_content&#8220;]<\/p>\n<h3>Home<\/h3>\n<p>[\/et_pb_text][et_pb_text module_id=&#8220;zuruck&#8220; _builder_version=&#8220;4.25.0&#8243; _dynamic_attributes=&#8220;link_option_url&#8220; _module_preset=&#8220;default&#8220; text_font=&#8220;oranda-cn||||||||&#8220; header_3_font=&#8220;oranda-cn||||||||&#8220; custom_margin=&#8220;0px|0px|0px|5px|false|false&#8220; custom_padding=&#8220;5px|20px|0px|20px|false|true&#8220; link_option_url=&#8220;@ET-DC@eyJkeW5hbWljIjp0cnVlLCJjb250ZW50IjoicG9zdF9saW5rX3VybF9wYWdlIiwic2V0dGluZ3MiOnsicG9zdF9pZCI6IjQzNSJ9fQ==@&#8220; border_radii=&#8220;on|5px|5px|5px|5px&#8220; global_colors_info=&#8220;{}&#8220; theme_builder_area=&#8220;post_content&#8220;]<\/p>\n<h3>Infos &#038; Downloads<\/h3>\n<p>[\/et_pb_text][\/et_pb_column][\/et_pb_row][\/et_pb_section][et_pb_section fb_built=&#8220;1&#8243; _builder_version=&#8220;4.27.4&#8243; _module_preset=&#8220;default&#8220; global_colors_info=&#8220;{}&#8220; theme_builder_area=&#8220;post_content&#8220;][et_pb_row _builder_version=&#8220;4.27.4&#8243; _module_preset=&#8220;default&#8220; max_width=&#8220;80%&#8220; module_alignment=&#8220;center&#8220; global_colors_info=&#8220;{}&#8220; theme_builder_area=&#8220;post_content&#8220;][et_pb_column type=&#8220;4_4&#8243; _builder_version=&#8220;4.27.4&#8243; _module_preset=&#8220;default&#8220; global_colors_info=&#8220;{}&#8220; theme_builder_area=&#8220;post_content&#8220;][et_pb_heading title=&#8220;Infos &#038; Downloads&#8220; _builder_version=&#8220;4.27.4&#8243; _module_preset=&#8220;default&#8220; title_font=&#8220;oranda-cn||||||||&#8220; title_font_size=&#8220;35px&#8220; custom_margin=&#8220;||0px||false|false&#8220; global_colors_info=&#8220;{}&#8220; theme_builder_area=&#8220;post_content&#8220;][\/et_pb_heading][et_pb_heading title=&#8220;Ende 80 km\/h \u2192 100 km\/h&#8220; _builder_version=&#8220;4.27.4&#8243; _module_preset=&#8220;default&#8220; title_level=&#8220;h3&#8243; title_font=&#8220;oranda-cn||||||||&#8220; custom_margin=&#8220;0px||0px||false|false&#8220; custom_padding=&#8220;0px||0px||false|false&#8220; global_colors_info=&#8220;{}&#8220; theme_builder_area=&#8220;post_content&#8220;][\/et_pb_heading][et_pb_image src=&#8220;https:\/\/bruehlmann-anhaenger.ch\/images\/downloads\/thumbnails\/100-bewilligung.png&#8220; url=&#8220;https:\/\/bruehlmann-anhaenger.ch\/images\/downloads\/100-bewilligung.pdf&#8220; url_new_window=&#8220;on&#8220; _builder_version=&#8220;4.27.4&#8243; _module_preset=&#8220;default&#8220; height=&#8220;380px&#8220; custom_margin=&#8220;0px||0px||false|false&#8220; global_colors_info=&#8220;{}&#8220; theme_builder_area=&#8220;post_content&#8220;][\/et_pb_image][et_pb_heading title=&#8220;Typengenehmigungen \/ Typenscheine f\u00fcr 100 km \/ h&#8220; admin_label=&#8220;\u00dcberschrift H1&#8243; _builder_version=&#8220;4.27.4&#8243; _module_preset=&#8220;default&#8220; title_level=&#8220;h3&#8243; title_font=&#8220;oranda-cn||||||||&#8220; custom_margin=&#8220;0px||0px||false|false&#8220; custom_padding=&#8220;0px||0px||false|false&#8220; global_colors_info=&#8220;{}&#8220; theme_builder_area=&#8220;post_content&#8220;][\/et_pb_heading][et_pb_image src=&#8220;https:\/\/bruehlmann-anhaenger.ch\/images\/downloads\/thumbnails\/typenliste.jpg&#8220; url=&#8220;https:\/\/bruehlmann-anhaenger.ch\/wp-content\/uploads\/2025\/08\/Typenliste-Bruehlmann-Steininger-Saris-Humbaur-mmm-div.pdf&#8220; url_new_window=&#8220;on&#8220; _builder_version=&#8220;4.27.4&#8243; _module_preset=&#8220;default&#8220; height=&#8220;350px&#8220; custom_margin=&#8220;0px||0px||false|false&#8220; global_colors_info=&#8220;{}&#8220; theme_builder_area=&#8220;post_content&#8220;][\/et_pb_image][et_pb_heading title=&#8220;Bremsseile&#8220; admin_label=&#8220;\u00dcberschrift H1&#8243; _builder_version=&#8220;4.27.4&#8243; _module_preset=&#8220;default&#8220; title_level=&#8220;h3&#8243; title_font=&#8220;oranda-cn||||||||&#8220; custom_margin=&#8220;0px||0px||false|false&#8220; custom_padding=&#8220;0px||0px||false|false&#8220; global_colors_info=&#8220;{}&#8220; theme_builder_area=&#8220;post_content&#8220;][\/et_pb_heading][et_pb_image src=&#8220;https:\/\/bruehlmann-anhaenger.ch\/images\/downloads\/thumbnails\/bremsseile.jpg&#8220; url=&#8220;https:\/\/bruehlmann-anhaenger.ch\/images\/downloads\/bremsseile.pdf&#8220; _builder_version=&#8220;4.27.4&#8243; _module_preset=&#8220;default&#8220; height=&#8220;350px&#8220; custom_margin=&#8220;0px||0px||false|false&#8220; global_colors_info=&#8220;{}&#8220; theme_builder_area=&#8220;post_content&#8220;][\/et_pb_image][et_pb_heading title=&#8220;Tipps und Gesetze f\u00fcr Anh\u00e4nger&#8220; admin_label=&#8220;\u00dcberschrift H1&#8243; _builder_version=&#8220;4.27.4&#8243; _module_preset=&#8220;default&#8220; title_level=&#8220;h3&#8243; title_font=&#8220;oranda-cn||||||||&#8220; custom_margin=&#8220;0px||0px||false|false&#8220; custom_padding=&#8220;0px||0px||false|false&#8220; global_colors_info=&#8220;{}&#8220; theme_builder_area=&#8220;post_content&#8220;][\/et_pb_heading][et_pb_image src=&#8220;https:\/\/bruehlmann-anhaenger.ch\/images\/downloads\/thumbnails\/tipps-und-gesetze.jpg&#8220; url=&#8220;https:\/\/bruehlmann-anhaenger.ch\/images\/downloads\/tipps-und-gesetze.pdf&#8220; url_new_window=&#8220;on&#8220; _builder_version=&#8220;4.27.4&#8243; _module_preset=&#8220;default&#8220; height=&#8220;350px&#8220; custom_margin=&#8220;0px||0px||false|false&#8220; global_colors_info=&#8220;{}&#8220; theme_builder_area=&#8220;post_content&#8220;][\/et_pb_image][et_pb_heading title=&#8220;Allgemeine Infos f\u00fcr In- &#038; Ausland&#8220; admin_label=&#8220;\u00dcberschrift H1&#8243; _builder_version=&#8220;4.27.4&#8243; _module_preset=&#8220;default&#8220; title_level=&#8220;h3&#8243; title_font=&#8220;oranda-cn||||||||&#8220; custom_margin=&#8220;0px||0px||false|false&#8220; custom_padding=&#8220;0px||0px||false|false&#8220; global_colors_info=&#8220;{}&#8220; theme_builder_area=&#8220;post_content&#8220;][\/et_pb_heading][et_pb_image src=&#8220;https:\/\/bruehlmann-anhaenger.ch\/images\/downloads\/thumbnails\/geschwindigkeitslimit.jpg&#8220; url=&#8220;https:\/\/bruehlmann-anhaenger.ch\/wp-content\/uploads\/2025\/08\/Geschwindigkeitslimiten-und-sonstige-wichtige-Laenderinformationen-1.pdf&#8220; url_new_window=&#8220;on&#8220; _builder_version=&#8220;4.27.4&#8243; _module_preset=&#8220;default&#8220; height=&#8220;350px&#8220; custom_margin=&#8220;0px||0px||false|false&#8220; hover_enabled=&#8220;0&#8243; global_colors_info=&#8220;{}&#8220; theme_builder_area=&#8220;post_content&#8220; sticky_enabled=&#8220;0&#8243;][\/et_pb_image][et_pb_heading title=&#8220;Elektrisch f\u00fcr Anh\u00e4nger&#8220; admin_label=&#8220;\u00dcberschrift H1&#8243; _builder_version=&#8220;4.27.4&#8243; _module_preset=&#8220;default&#8220; title_level=&#8220;h3&#8243; title_font=&#8220;oranda-cn||||||||&#8220; custom_margin=&#8220;0px||0px||false|false&#8220; custom_padding=&#8220;0px||0px||false|false&#8220; global_colors_info=&#8220;{}&#8220; theme_builder_area=&#8220;post_content&#8220;][\/et_pb_heading][et_pb_image src=&#8220;https:\/\/bruehlmann-anhaenger.ch\/images\/downloads\/thumbnails\/steckerschema.jpg&#8220; url=&#8220;https:\/\/bruehlmann-anhaenger.ch\/images\/downloads\/steckerschema.pdf&#8220; _builder_version=&#8220;4.27.4&#8243; _module_preset=&#8220;default&#8220; height=&#8220;350px&#8220; custom_margin=&#8220;0px||0px||false|false&#8220; global_colors_info=&#8220;{}&#8220; theme_builder_area=&#8220;post_content&#8220;][\/et_pb_image][et_pb_heading title=&#8220;Reifendrucktabelle&#8220; admin_label=&#8220;\u00dcberschrift H1&#8243; _builder_version=&#8220;4.27.4&#8243; _module_preset=&#8220;default&#8220; title_level=&#8220;h3&#8243; title_font=&#8220;oranda-cn||||||||&#8220; custom_margin=&#8220;0px||0px||false|false&#8220; custom_padding=&#8220;0px||0px||false|false&#8220; global_colors_info=&#8220;{}&#8220; theme_builder_area=&#8220;post_content&#8220;][\/et_pb_heading][et_pb_image src=&#8220;https:\/\/bruehlmann-anhaenger.ch\/images\/downloads\/thumbnails\/reifendruck.jpg&#8220; url=&#8220;https:\/\/bruehlmann-anhaenger.ch\/images\/downloads\/reifendruck.pdf&#8220; url_new_window=&#8220;on&#8220; _builder_version=&#8220;4.27.4&#8243; _module_preset=&#8220;default&#8220; height=&#8220;350px&#8220; custom_margin=&#8220;0px||0px||false|false&#8220; global_colors_info=&#8220;{}&#8220; theme_builder_area=&#8220;post_content&#8220;][\/et_pb_image][et_pb_heading title=&#8220;Ladegewichtstabelle&#8220; admin_label=&#8220;\u00dcberschrift H1&#8243; _builder_version=&#8220;4.27.4&#8243; _module_preset=&#8220;default&#8220; title_level=&#8220;h3&#8243; title_font=&#8220;oranda-cn||||||||&#8220; custom_margin=&#8220;0px||0px||false|false&#8220; custom_padding=&#8220;0px||0px||false|false&#8220; global_colors_info=&#8220;{}&#8220; theme_builder_area=&#8220;post_content&#8220;][\/et_pb_heading][et_pb_image src=&#8220;https:\/\/bruehlmann-anhaenger.ch\/images\/downloads\/thumbnails\/ladegewicht.jpg&#8220; url=&#8220;https:\/\/bruehlmann-anhaenger.ch\/images\/downloads\/ladegewicht.pdf&#8220; url_new_window=&#8220;on&#8220; _builder_version=&#8220;4.27.4&#8243; _module_preset=&#8220;default&#8220; height=&#8220;350px&#8220; custom_margin=&#8220;0px||0px||false|false&#8220; global_colors_info=&#8220;{}&#8220; theme_builder_area=&#8220;post_content&#8220;][\/et_pb_image][et_pb_heading title=&#8220;Last- und Speedindex f\u00fcr Reifen&#8220; admin_label=&#8220;\u00dcberschrift H1&#8243; _builder_version=&#8220;4.27.4&#8243; _module_preset=&#8220;default&#8220; title_level=&#8220;h3&#8243; title_font=&#8220;oranda-cn||||||||&#8220; custom_margin=&#8220;0px||0px||false|false&#8220; custom_padding=&#8220;0px||0px||false|false&#8220; global_colors_info=&#8220;{}&#8220; theme_builder_area=&#8220;post_content&#8220;][\/et_pb_heading][et_pb_image src=&#8220;https:\/\/bruehlmann-anhaenger.ch\/images\/downloads\/thumbnails\/last-und-speedindex.jpg&#8220; url=&#8220;https:\/\/bruehlmann-anhaenger.ch\/images\/downloads\/last-und-speedindex.pdf&#8220; url_new_window=&#8220;on&#8220; _builder_version=&#8220;4.27.4&#8243; _module_preset=&#8220;default&#8220; height=&#8220;350px&#8220; custom_margin=&#8220;0px||0px||false|false&#8220; global_colors_info=&#8220;{}&#8220; theme_builder_area=&#8220;post_content&#8220;][\/et_pb_image][et_pb_heading title=&#8220;Anh\u00e4ngerpr\u00fcfung&#8220; admin_label=&#8220;\u00dcberschrift H1&#8243; _builder_version=&#8220;4.27.4&#8243; _module_preset=&#8220;default&#8220; title_level=&#8220;h3&#8243; title_font=&#8220;oranda-cn||||||||&#8220; custom_margin=&#8220;0px||0px||false|false&#8220; custom_padding=&#8220;0px||0px||false|false&#8220; global_colors_info=&#8220;{}&#8220; theme_builder_area=&#8220;post_content&#8220;][\/et_pb_heading][et_pb_image src=&#8220;https:\/\/bruehlmann-anhaenger.ch\/images\/downloads\/thumbnails\/anhaengerpruefung.png&#8220; url=&#8220;https:\/\/bruehlmann-anhaenger.ch\/images\/downloads\/anhaengerpruefung.pdf&#8220; url_new_window=&#8220;on&#8220; _builder_version=&#8220;4.27.4&#8243; _module_preset=&#8220;default&#8220; height=&#8220;350px&#8220; custom_margin=&#8220;0px||0px||false|false&#8220; global_colors_info=&#8220;{}&#8220; theme_builder_area=&#8220;post_content&#8220;][\/et_pb_image][et_pb_heading title=&#8220;Vorschriften Tiertransport&#8220; admin_label=&#8220;\u00dcberschrift H1&#8243; _builder_version=&#8220;4.27.4&#8243; _module_preset=&#8220;default&#8220; title_level=&#8220;h3&#8243; title_font=&#8220;oranda-cn||||||||&#8220; custom_margin=&#8220;0px||0px||false|false&#8220; custom_padding=&#8220;0px||0px||false|false&#8220; global_colors_info=&#8220;{}&#8220; theme_builder_area=&#8220;post_content&#8220;][\/et_pb_heading][et_pb_image src=&#8220;https:\/\/bruehlmann-anhaenger.ch\/images\/downloads\/thumbnails\/vorschrift-tiertransport.jpg&#8220; url=&#8220;https:\/\/bruehlmann-anhaenger.ch\/images\/downloads\/vorschrift-tiertransport.pdf&#8220; url_new_window=&#8220;on&#8220; _builder_version=&#8220;4.27.4&#8243; _module_preset=&#8220;default&#8220; height=&#8220;350px&#8220; custom_margin=&#8220;0px||0px||false|false&#8220; global_colors_info=&#8220;{}&#8220; theme_builder_area=&#8220;post_content&#8220;][\/et_pb_image][et_pb_heading title=&#8220;Quadratmeterzahlen Tiertransport&#8220; admin_label=&#8220;\u00dcberschrift H1&#8243; _builder_version=&#8220;4.27.4&#8243; _module_preset=&#8220;default&#8220; title_level=&#8220;h3&#8243; title_font=&#8220;oranda-cn||||||||&#8220; custom_margin=&#8220;0px||0px||false|false&#8220; custom_padding=&#8220;0px||0px||false|false&#8220; global_colors_info=&#8220;{}&#8220; theme_builder_area=&#8220;post_content&#8220;][\/et_pb_heading][et_pb_image src=&#8220;https:\/\/bruehlmann-anhaenger.ch\/images\/downloads\/thumbnails\/mindestraumbedarf.jpg&#8220; url=&#8220;https:\/\/bruehlmann-anhaenger.ch\/images\/downloads\/mindestraumbedarf.pdf&#8220; url_new_window=&#8220;on&#8220; _builder_version=&#8220;4.27.4&#8243; _module_preset=&#8220;default&#8220; height=&#8220;350px&#8220; custom_margin=&#8220;0px||0px||false|false&#8220; global_colors_info=&#8220;{}&#8220; theme_builder_area=&#8220;post_content&#8220;][\/et_pb_image][\/et_pb_column][\/et_pb_row][et_pb_row column_structure=&#8220;1_5,3_5,1_5&#8243; make_equal=&#8220;on&#8220; _builder_version=&#8220;4.25.0&#8243; _module_preset=&#8220;default&#8220; background_color=&#8220;#FFFFFF&#8220; max_width=&#8220;80%&#8220; module_alignment=&#8220;center&#8220; min_height=&#8220;0px&#8220; height=&#8220;50px&#8220; max_height=&#8220;50px&#8220; custom_margin=&#8220;0px||0px||false|false&#8220; custom_padding=&#8220;0px||0px||false|false&#8220; sticky_position=&#8220;bottom&#8220; border_width_top=&#8220;6px&#8220; border_color_top=&#8220;#ffff00&#8243; global_colors_info=&#8220;{}&#8220; theme_builder_area=&#8220;post_content&#8220;][et_pb_column type=&#8220;1_5&#8243; _builder_version=&#8220;4.27.4&#8243; _module_preset=&#8220;default&#8220; custom_css_main_element=&#8220;align-items: flex-end;&#8220; global_colors_info=&#8220;{}&#8220; theme_builder_area=&#8220;post_content&#8220;][\/et_pb_column][et_pb_column type=&#8220;3_5&#8243; _builder_version=&#8220;4.27.4&#8243; _module_preset=&#8220;default&#8220; custom_css_main_element=&#8220;align-items: flex-end;&#8220; global_colors_info=&#8220;{}&#8220; theme_builder_area=&#8220;post_content&#8220;][\/et_pb_column][et_pb_column type=&#8220;1_5&#8243; _builder_version=&#8220;4.27.4&#8243; _module_preset=&#8220;default&#8220; custom_css_main_element=&#8220;align-items: flex-end;&#8220; global_colors_info=&#8220;{}&#8220; theme_builder_area=&#8220;post_content&#8220;][et_pb_text _builder_version=&#8220;4.25.0&#8243; _module_preset=&#8220;default&#8220; header_4_font=&#8220;|700|||||||&#8220; header_4_text_align=&#8220;center&#8220; background_color=&#8220;#c9c9c9&#8243; max_width=&#8220;190px&#8220; custom_margin=&#8220;5px||||false|false&#8220; custom_padding=&#8220;10px||7px||false|false&#8220; link_option_url=&#8220;#zuruck&#8220; border_radii=&#8220;on|5px|5px|5px|5px&#8220; global_colors_info=&#8220;{}&#8220; theme_builder_area=&#8220;post_content&#8220;]<\/p>\n<h4>nach oben \/ PDF<\/h4>\n<p>[\/et_pb_text][\/et_pb_column][\/et_pb_row][\/et_pb_section]<\/p>\n","protected":false},"excerpt":{"rendered":"<p>HomeInfos &#038; Downloadsnach oben \/ PDF<\/p>\n","protected":false},"author":1,"featured_media":0,"parent":0,"menu_order":0,"comment_status":"closed","ping_status":"closed","template":"","meta":{"_et_pb_use_builder":"on","_et_pb_old_content":"","_et_gb_content_width":"","footnotes":""},"class_list":["post-435","page","type-page","status-publish","hentry"],"_links":{"self":[{"href":"https:\/\/bruehlmann-anhaenger.ch\/index.php\/wp-json\/wp\/v2\/pages\/435","targetHints":{"allow":["GET"]}}],"collection":[{"href":"https:\/\/bruehlmann-anhaenger.ch\/index.php\/wp-json\/wp\/v2\/pages"}],"about":[{"href":"https:\/\/bruehlmann-anhaenger.ch\/index.php\/wp-json\/wp\/v2\/types\/page"}],"author":[{"embeddable":true,"href":"https:\/\/bruehlmann-anhaenger.ch\/index.php\/wp-json\/wp\/v2\/users\/1"}],"replies":[{"embeddable":true,"href":"https:\/\/bruehlmann-anhaenger.ch\/index.php\/wp-json\/wp\/v2\/comments?post=435"}],"version-history":[{"count":22,"href":"https:\/\/bruehlmann-anhaenger.ch\/index.php\/wp-json\/wp\/v2\/pages\/435\/revisions"}],"predecessor-version":[{"id":5615,"href":"https:\/\/bruehlmann-anhaenger.ch\/index.php\/wp-json\/wp\/v2\/pages\/435\/revisions\/5615"}],"wp:attachment":[{"href":"https:\/\/bruehlmann-anhaenger.ch\/index.php\/wp-json\/wp\/v2\/media?parent=435"}],"curies":[{"name":"wp","href":"https:\/\/api.w.org\/{rel}","templated":true}]}}